{"id":6,"date":"2018-01-15T09:56:27","date_gmt":"2018-01-15T09:56:27","guid":{"rendered":"http:\/\/ranbron.bolvo.com\/?page_id=6"},"modified":"2022-12-18T20:36:44","modified_gmt":"2022-12-19T02:36:44","slug":"home","status":"publish","type":"page","link":"https:\/\/joxacapital.com\/web\/","title":{"rendered":"Inicio"},"content":{"rendered":"<p>[vc_row][vc_column]\n\t\t\t<!-- START slider2 REVOLUTION SLIDER 6.5.21 --><p class=\"rs-p-wp-fix\"><\/p>\n\t\t\t<rs-module-wrap id=\"rev_slider_2_1_wrapper\" data-source=\"gallery\" style=\"visibility:hidden;background:transparent;padding:0;margin:0px auto;margin-top:0;margin-bottom:0;\">\n\t\t\t\t<rs-module id=\"rev_slider_2_1\" style=\"\" data-version=\"6.5.21\">\n\t\t\t\t\t<rs-slides>\n\t\t\t\t\t\t<rs-slide style=\"position: absolute;\" data-key=\"rs-6\" data-title=\"Slide\" data-thumb=\"\/\/joxacapital.com\/web\/wp-content\/uploads\/2018\/07\/slider-2-3-100x50.jpg\" data-duration=\"8000ms\" data-in=\"o:0;\" data-out=\"a:false;\">\n\t\t\t\t\t\t\t<img src=\"\/\/joxacapital.com\/web\/wp-content\/plugins\/revslider\/public\/assets\/assets\/dummy.png\" alt=\"\" title=\"Inicio\" class=\"rev-slidebg tp-rs-img rs-lazyload\" data-lazyload=\"\/\/joxacapital.com\/web\/wp-content\/uploads\/2018\/07\/slider-2-3.jpg\" data-no-retina>\n<!--\n\t\t\t\t\t\t\t--><rs-layer\n\t\t\t\t\t\t\t\tid=\"slider-2-slide-6-layer-3\" \n\t\t\t\t\t\t\t\tdata-type=\"text\"\n\t\t\t\t\t\t\t\tdata-color=\"rgba(255, 255, 255, 1)\"\n\t\t\t\t\t\t\t\tdata-rsp_ch=\"on\"\n\t\t\t\t\t\t\t\tdata-xy=\"x:c;y:m;yo:4px,-70px,-105px,-106px;\"\n\t\t\t\t\t\t\t\tdata-text=\"s:55,55,45,25;l:65,65,50,50;fw:600,600,700,700;a:inherit,center,center,center;\"\n\t\t\t\t\t\t\t\tdata-dim=\"w:auto,auto,auto,448px;h:auto,auto,auto,78px;\"\n\t\t\t\t\t\t\t\tdata-frame_0=\"y:-50px;\"\n\t\t\t\t\t\t\t\tdata-frame_1=\"st:840;sp:1130;sR:840;\"\n\t\t\t\t\t\t\t\tdata-frame_999=\"o:0;st:7700;sR:5730;\"\n\t\t\t\t\t\t\t\tstyle=\"z-index:5;font-family:'Poppins';\"\n\t\t\t\t\t\t\t>\u00a1Alcance su Libertad Financiera!<br> \n\t\t\t\t\t\t\t<\/rs-layer><!--\n\n\t\t\t\t\t\t\t--><rs-layer\n\t\t\t\t\t\t\t\tid=\"slider-2-slide-6-layer-4\" \n\t\t\t\t\t\t\t\tdata-type=\"text\"\n\t\t\t\t\t\t\t\tdata-color=\"rgba(255, 255, 255, 1)\"\n\t\t\t\t\t\t\t\tdata-rsp_ch=\"on\"\n\t\t\t\t\t\t\t\tdata-xy=\"x:c;y:m,t,m,m;yo:82px,332px,0,0;\"\n\t\t\t\t\t\t\t\tdata-text=\"w:normal;s:20,18,15,15;l:29,24,21,21;fw:500;a:center;\"\n\t\t\t\t\t\t\t\tdata-dim=\"w:887px,727px,512px,434px;h:88px,auto,69px,auto;\"\n\t\t\t\t\t\t\t\tdata-frame_0=\"y:-50px;\"\n\t\t\t\t\t\t\t\tdata-frame_1=\"st:1290;sp:1040;sR:1290;\"\n\t\t\t\t\t\t\t\tdata-frame_999=\"o:0;st:7700;sR:5370;\"\n\t\t\t\t\t\t\t\tstyle=\"z-index:6;font-family:'Poppins';\"\n\t\t\t\t\t\t\t>Gestione su capital con nosotros. \u00a1Perm\u00edtase una vida con libertad en t\u00e9rminos econ\u00f3micos! \n\t\t\t\t\t\t\t<\/rs-layer><!--\n\n\t\t\t\t\t\t\t--><a\n\t\t\t\t\t\t\t\tid=\"slider-2-slide-6-layer-17\" \n\t\t\t\t\t\t\t\tclass=\"rs-layer rev-btn\"\n\t\t\t\t\t\t\t\thref=\"https:\/\/joxacapital.com\/web\/?page_id=2366\" target=\"_self\"\n\t\t\t\t\t\t\t\tdata-type=\"button\"\n\t\t\t\t\t\t\t\tdata-color=\"rgba(255,255,255,1)\"\n\t\t\t\t\t\t\t\tdata-xy=\"x:c;y:m,t,m,m;yo:164px,413px,90px,90px;\"\n\t\t\t\t\t\t\t\tdata-text=\"s:17;l:17;fw:500;a:inherit;\"\n\t\t\t\t\t\t\t\tdata-rsp_bd=\"off\"\n\t\t\t\t\t\t\t\tdata-padding=\"t:12;r:35;b:12;l:35;\"\n\t\t\t\t\t\t\t\tdata-border=\"bos:solid;boc:#ff9e1f;bow:1,1,1,1;bor:30px,30px,30px,30px;\"\n\t\t\t\t\t\t\t\tdata-frame_0=\"y:-50px;\"\n\t\t\t\t\t\t\t\tdata-frame_1=\"st:1620;sp:1100;sR:1620;\"\n\t\t\t\t\t\t\t\tdata-frame_999=\"o:0;st:7700;sR:4980;\"\n\t\t\t\t\t\t\t\tdata-frame_hover=\"c:#ff9e1f;bgc:#fff;boc:#ff9e1f;bor:30px,30px,30px,30px;bos:solid;bow:1,1,1,1;oX:50;oY:50;sp:0;e:none;\"\n\t\t\t\t\t\t\t\tstyle=\"z-index:7;background-color:#ff9e1f;font-family:'Poppins';cursor:pointer;outline:none;box-shadow:none;box-sizing:border-box;-moz-box-sizing:border-box;-webkit-box-sizing:border-box;\"\n\t\t\t\t\t\t\t>Cont\u00e1ctenos \n\t\t\t\t\t\t\t<\/a><!--\n-->\t\t\t\t\t\t<\/rs-slide>\n\t\t\t\t\t\t<rs-slide style=\"position: absolute;\" data-key=\"rs-4\" data-title=\"Slide\" data-thumb=\"\/\/joxacapital.com\/web\/wp-content\/uploads\/2018\/07\/slider-2-1-100x50.jpg\" data-duration=\"8000ms\" data-in=\"o:0;\" data-out=\"a:false;\">\n\t\t\t\t\t\t\t<img src=\"\/\/joxacapital.com\/web\/wp-content\/plugins\/revslider\/public\/assets\/assets\/dummy.png\" alt=\"\" title=\"Inicio\" class=\"rev-slidebg tp-rs-img rs-lazyload\" data-lazyload=\"\/\/joxacapital.com\/web\/wp-content\/uploads\/2018\/07\/slider-2-1.jpg\" data-no-retina>\n<!--\n\t\t\t\t\t\t\t--><rs-layer\n\t\t\t\t\t\t\t\tid=\"slider-2-slide-4-layer-3\" \n\t\t\t\t\t\t\t\tdata-type=\"text\"\n\t\t\t\t\t\t\t\tdata-color=\"rgba(255, 255, 255, 1)\"\n\t\t\t\t\t\t\t\tdata-rsp_ch=\"on\"\n\t\t\t\t\t\t\t\tdata-xy=\"x:c;y:m;yo:6px,-70px,-105px,-105px;\"\n\t\t\t\t\t\t\t\tdata-text=\"s:55,55,45,25;l:65,65,50,50;fw:600,600,700,700;a:inherit,inherit,center,center;\"\n\t\t\t\t\t\t\t\tdata-dim=\"w:auto,auto,auto,448px;h:auto,auto,auto,78px;\"\n\t\t\t\t\t\t\t\tdata-frame_0=\"y:-50px;\"\n\t\t\t\t\t\t\t\tdata-frame_1=\"st:840;sp:1130;sR:840;\"\n\t\t\t\t\t\t\t\tdata-frame_999=\"o:0;st:7700;sR:5730;\"\n\t\t\t\t\t\t\t\tstyle=\"z-index:5;font-family:'Poppins';\"\n\t\t\t\t\t\t\t>Potenciamos sus Finanzas:<br> \n\t\t\t\t\t\t\t<\/rs-layer><!--\n\n\t\t\t\t\t\t\t--><rs-layer\n\t\t\t\t\t\t\t\tid=\"slider-2-slide-4-layer-4\" \n\t\t\t\t\t\t\t\tdata-type=\"text\"\n\t\t\t\t\t\t\t\tdata-color=\"rgba(255, 255, 255, 1)\"\n\t\t\t\t\t\t\t\tdata-rsp_ch=\"on\"\n\t\t\t\t\t\t\t\tdata-xy=\"x:c;y:m,t,m,m;yo:81px,332px,0,0;\"\n\t\t\t\t\t\t\t\tdata-text=\"w:normal;s:20,18,15,15;l:29,24,21,21;fw:500;a:center;\"\n\t\t\t\t\t\t\t\tdata-dim=\"w:887px,727px,512px,434px;h:88px,auto,69px,auto;\"\n\t\t\t\t\t\t\t\tdata-frame_0=\"y:-50px;\"\n\t\t\t\t\t\t\t\tdata-frame_1=\"st:1290;sp:1040;sR:1290;\"\n\t\t\t\t\t\t\t\tdata-frame_999=\"o:0;st:7700;sR:5370;\"\n\t\t\t\t\t\t\t\tstyle=\"z-index:6;font-family:'Poppins';\"\n\t\t\t\t\t\t\t>Con nosotros su dinero estar\u00e1 en constante crecimiento. \u00a1Permita que su dinero trabaje por usted! \n\t\t\t\t\t\t\t<\/rs-layer><!--\n\n\t\t\t\t\t\t\t--><a\n\t\t\t\t\t\t\t\tid=\"slider-2-slide-4-layer-17\" \n\t\t\t\t\t\t\t\tclass=\"rs-layer rev-btn\"\n\t\t\t\t\t\t\t\thref=\"https:\/\/joxacapital.com\/web\/?page_id=2366\" target=\"_self\"\n\t\t\t\t\t\t\t\tdata-type=\"button\"\n\t\t\t\t\t\t\t\tdata-color=\"rgba(255,255,255,1)\"\n\t\t\t\t\t\t\t\tdata-xy=\"x:c;y:m,t,m,m;yo:164px,413px,90px,90px;\"\n\t\t\t\t\t\t\t\tdata-text=\"s:17;l:17;fw:500;a:inherit;\"\n\t\t\t\t\t\t\t\tdata-rsp_bd=\"off\"\n\t\t\t\t\t\t\t\tdata-padding=\"t:12;r:35;b:12;l:35;\"\n\t\t\t\t\t\t\t\tdata-border=\"bos:solid;boc:#ff9e1f;bow:1,1,1,1;bor:30px,30px,30px,30px;\"\n\t\t\t\t\t\t\t\tdata-frame_0=\"y:-50px;\"\n\t\t\t\t\t\t\t\tdata-frame_1=\"st:1620;sp:1100;sR:1620;\"\n\t\t\t\t\t\t\t\tdata-frame_999=\"o:0;st:7700;sR:4980;\"\n\t\t\t\t\t\t\t\tdata-frame_hover=\"c:#ff9e1f;bgc:#fff;boc:#ff9e1f;bor:30px,30px,30px,30px;bos:solid;bow:1,1,1,1;oX:50;oY:50;sp:0;e:none;\"\n\t\t\t\t\t\t\t\tstyle=\"z-index:7;background-color:#ff9e1f;font-family:'Poppins';cursor:pointer;outline:none;box-shadow:none;box-sizing:border-box;-moz-box-sizing:border-box;-webkit-box-sizing:border-box;\"\n\t\t\t\t\t\t\t>Cont\u00e1ctenos \n\t\t\t\t\t\t\t<\/a><!--\n-->\t\t\t\t\t\t<\/rs-slide>\n\t\t\t\t\t\t<rs-slide style=\"position: absolute;\" data-key=\"rs-5\" data-title=\"Slide\" data-thumb=\"\/\/joxacapital.com\/web\/wp-content\/uploads\/2018\/07\/slider-2-2-100x50.jpg\" data-duration=\"8000ms\" data-in=\"o:0;\" data-out=\"a:false;\">\n\t\t\t\t\t\t\t<img src=\"\/\/joxacapital.com\/web\/wp-content\/plugins\/revslider\/public\/assets\/assets\/dummy.png\" alt=\"\" title=\"Inicio\" class=\"rev-slidebg tp-rs-img rs-lazyload\" data-lazyload=\"\/\/joxacapital.com\/web\/wp-content\/uploads\/2018\/07\/slider-2-2.jpg\" data-no-retina>\n<!--\n\t\t\t\t\t\t\t--><rs-layer\n\t\t\t\t\t\t\t\tid=\"slider-2-slide-5-layer-3\" \n\t\t\t\t\t\t\t\tdata-type=\"text\"\n\t\t\t\t\t\t\t\tdata-color=\"rgba(255, 255, 255, 1)\"\n\t\t\t\t\t\t\t\tdata-rsp_ch=\"on\"\n\t\t\t\t\t\t\t\tdata-xy=\"x:c;y:m;yo:1px,-70px,-105px,-105px;\"\n\t\t\t\t\t\t\t\tdata-text=\"s:55,55,45,25;l:65,65,50,50;fw:600,600,700,700;a:center;\"\n\t\t\t\t\t\t\t\tdata-dim=\"w:auto,auto,auto,456px;h:auto,auto,auto,121px;\"\n\t\t\t\t\t\t\t\tdata-frame_0=\"y:-50px;\"\n\t\t\t\t\t\t\t\tdata-frame_1=\"st:840;sp:1130;sR:840;\"\n\t\t\t\t\t\t\t\tdata-frame_999=\"o:0;st:7700;sR:5730;\"\n\t\t\t\t\t\t\t\tstyle=\"z-index:5;font-family:'Poppins';\"\n\t\t\t\t\t\t\t>Multiplicamos su Patrimonio:<br> \n\t\t\t\t\t\t\t<\/rs-layer><!--\n\n\t\t\t\t\t\t\t--><rs-layer\n\t\t\t\t\t\t\t\tid=\"slider-2-slide-5-layer-4\" \n\t\t\t\t\t\t\t\tdata-type=\"text\"\n\t\t\t\t\t\t\t\tdata-color=\"rgba(255, 255, 255, 1)\"\n\t\t\t\t\t\t\t\tdata-rsp_ch=\"on\"\n\t\t\t\t\t\t\t\tdata-xy=\"x:c;y:m,t,m,m;yo:82px,332px,0,0;\"\n\t\t\t\t\t\t\t\tdata-text=\"w:normal;s:20,18,15,15;l:29,24,21,21;fw:500;a:center;\"\n\t\t\t\t\t\t\t\tdata-dim=\"w:887px,727px,512px,434px;h:88px,auto,69px,auto;\"\n\t\t\t\t\t\t\t\tdata-frame_0=\"y:-50px;\"\n\t\t\t\t\t\t\t\tdata-frame_1=\"st:1290;sp:1040;sR:1290;\"\n\t\t\t\t\t\t\t\tdata-frame_999=\"o:0;st:7700;sR:5370;\"\n\t\t\t\t\t\t\t\tstyle=\"z-index:6;font-family:'Poppins';\"\n\t\t\t\t\t\t\t>Asegure su estabilidad y seguridad econ\u00f3mica a largo plazo. \u00a1Fortalezca su patrimonio con nosotros! \n\t\t\t\t\t\t\t<\/rs-layer><!--\n\n\t\t\t\t\t\t\t--><a\n\t\t\t\t\t\t\t\tid=\"slider-2-slide-5-layer-17\" \n\t\t\t\t\t\t\t\tclass=\"rs-layer rev-btn\"\n\t\t\t\t\t\t\t\thref=\"https:\/\/joxacapital.com\/web\/?page_id=2366\" target=\"_self\"\n\t\t\t\t\t\t\t\tdata-type=\"button\"\n\t\t\t\t\t\t\t\tdata-color=\"rgba(255,255,255,1)\"\n\t\t\t\t\t\t\t\tdata-xy=\"x:c;y:m,t,m,m;yo:164px,413px,90px,90px;\"\n\t\t\t\t\t\t\t\tdata-text=\"s:17;l:17;fw:500;a:inherit;\"\n\t\t\t\t\t\t\t\tdata-rsp_bd=\"off\"\n\t\t\t\t\t\t\t\tdata-padding=\"t:12;r:35;b:12;l:35;\"\n\t\t\t\t\t\t\t\tdata-border=\"bos:solid;boc:#ff9e1f;bow:1,1,1,1;bor:30px,30px,30px,30px;\"\n\t\t\t\t\t\t\t\tdata-frame_0=\"y:-50px;\"\n\t\t\t\t\t\t\t\tdata-frame_1=\"st:1620;sp:1100;sR:1620;\"\n\t\t\t\t\t\t\t\tdata-frame_999=\"o:0;st:7700;sR:4980;\"\n\t\t\t\t\t\t\t\tdata-frame_hover=\"c:#ff9e1f;bgc:#fff;boc:#ff9e1f;bor:30px,30px,30px,30px;bos:solid;bow:1,1,1,1;oX:50;oY:50;sp:0;e:none;\"\n\t\t\t\t\t\t\t\tstyle=\"z-index:7;background-color:#ff9e1f;font-family:'Poppins';cursor:pointer;outline:none;box-shadow:none;box-sizing:border-box;-moz-box-sizing:border-box;-webkit-box-sizing:border-box;\"\n\t\t\t\t\t\t\t>Cont\u00e1ctenos \n\t\t\t\t\t\t\t<\/a><!--\n-->\t\t\t\t\t\t<\/rs-slide>\n\t\t\t\t\t<\/rs-slides>\n\t\t\t\t<\/rs-module>\n\t\t\t\t<script>\n\t\t\t\t\tsetREVStartSize({c: 'rev_slider_2_1',rl:[1240,1024,778,480],el:[620,620,450,450],gw:[1240,1024,778,480],gh:[620,620,450,450],type:'standard',justify:'',layout:'fullwidth',mh:\"0\"});if (window.RS_MODULES!==undefined && window.RS_MODULES.modules!==undefined && window.RS_MODULES.modules[\"revslider21\"]!==undefined) {window.RS_MODULES.modules[\"revslider21\"].once = false;window.revapi2 = undefined;if (window.RS_MODULES.checkMinimal!==undefined) window.RS_MODULES.checkMinimal()}\n\t\t\t\t<\/script>\n\t\t\t<\/rs-module-wrap>\n\t\t\t<!-- END REVOLUTION SLIDER -->\n[\/vc_column][\/vc_row][vc_row el_class=&#8221;about-home-one&#8221;][vc_column width=&#8221;7\/12&#8243;][tt_vc_title_shortcode up_title=&#8221;Desde 2018&#8243; title=&#8221;We are <strong>Boreoux<\/strong> Consulting Firm&#8221;]<\/p>\n<h2 style=\"text-align: center;\">Nacimos para hacer realidad<br \/>\n<strong>sus sue\u00f1os m\u00e1s importantes<\/strong><\/h2>\n<p>[\/tt_vc_title_shortcode][vc_column_text]<\/p>\n<p style=\"text-align: center;\">El verdadero negocio de las instituciones del sistema bancario tradicional es prestar dinero a sus clientes, y por lo tanto; no tienen inter\u00e9s en ayudar a sus inversionistas a que obtengan oportunidades de inversi\u00f3n, y as\u00ed; ganancias reales a trav\u00e9s de los plazos fijos que ofrecen.<\/p>\n<p>[\/vc_column_text][vc_column_text css=&#8221;.vc_custom_1671417402451{margin-bottom: 0px !important;}&#8221;]<\/p>\n<p style=\"text-align: center;\">En Joxa Capital nos encargamos de <em><strong>impulsar<\/strong><\/em> tu capital para que logres tus sue\u00f1os y objetivos econ\u00f3micos.<\/p>\n<p>[\/vc_column_text][vc_empty_space height=&#8221;50&#8243;][vc_btn title=&#8221;Nosotros&#8221; style=&#8221;outline&#8221; shape=&#8221;round&#8221; color=&#8221;warning&#8221; size=&#8221;lg&#8221; align=&#8221;center&#8221; custom_onclick=&#8221;true&#8221; link=&#8221;url:https%3A%2F%2Fjoxacapital.com%2Fweb%2Fnosotros%2F&#8221;][\/vc_column][vc_column width=&#8221;5\/12&#8243;][vc_single_image image=&#8221;2854&#8243; img_size=&#8221;full&#8221; css=&#8221;.vc_custom_1660438615726{margin-bottom: 0px !important;}&#8221;][\/vc_column][\/vc_row][vc_row full_width=&#8221;stretch_row&#8221; content_placement=&#8221;top&#8221; el_class=&#8221;service-home-one&#8221; css=&#8221;.vc_custom_1661136598977{margin-top: -50px !important;margin-bottom: -100px !important;background-color: #121d2f !important;}&#8221;][vc_column width=&#8221;1\/3&#8243;][vc_single_image image=&#8221;3133&#8243; img_size=&#8221;large&#8221; css_animation=&#8221;bounceIn&#8221;][\/vc_column][vc_column width=&#8221;1\/3&#8243;][vc_single_image image=&#8221;3134&#8243; img_size=&#8221;large&#8221; css_animation=&#8221;bounceIn&#8221;][\/vc_column][vc_column width=&#8221;1\/3&#8243;][vc_single_image image=&#8221;3135&#8243; img_size=&#8221;large&#8221; css_animation=&#8221;bounceIn&#8221;][\/vc_column][\/vc_row][vc_row full_width=&#8221;stretch_row&#8221; content_placement=&#8221;top&#8221; el_class=&#8221;service-home-one&#8221; css=&#8221;.vc_custom_1661136559387{margin-top: -110px !important;margin-bottom: -100px !important;padding-bottom: -100px !important;background-color: #121d2f !important;}&#8221;][vc_column width=&#8221;1\/3&#8243;][vc_single_image image=&#8221;3136&#8243; img_size=&#8221;large&#8221; css_animation=&#8221;bounceIn&#8221;][\/vc_column][vc_column width=&#8221;1\/3&#8243;][vc_single_image image=&#8221;3137&#8243; img_size=&#8221;large&#8221; css_animation=&#8221;bounceIn&#8221;][\/vc_column][vc_column width=&#8221;1\/3&#8243;][vc_single_image image=&#8221;3138&#8243; img_size=&#8221;large&#8221; css_animation=&#8221;bounceIn&#8221;][\/vc_column][\/vc_row][vc_row full_width=&#8221;stretch_row&#8221; el_class=&#8221;qoute-faq-area sec-pad&#8221; css=&#8221;.vc_custom_1661133967199{padding-bottom: 90px !important;}&#8221;][vc_column width=&#8221;1\/2&#8243; el_class=&#8221;qoute-content&#8221;][vc_column_text el_class=&#8221;title&#8221; css=&#8221;.vc_custom_1661883582968{margin-bottom: 40px !important;}&#8221;]<\/p>\n<h3 style=\"text-align: center;\">\u00bfC\u00f3mo Trabajamos?<\/h3>\n<p>[\/vc_column_text][vc_column_text css=&#8221;.vc_custom_1661880198752{margin-bottom: 0px !important;}&#8221;]<\/p>\n<p class=\"highlighted\" style=\"text-align: center;\"><strong>Un Equipo Maravilloso con Resultados Incre\u00edbles<\/strong><\/p>\n<p>[\/vc_column_text][vc_column_text]<\/p>\n<p style=\"text-align: center;\">Nuestro galardonado equipo de traders profesionales encuentran oportunidades de inversi\u00f3n en los mercados financieros internacionales, e invierten el dinero de nuestros clientes a trav\u00e9s de una estrategia clara, con riesgos controlados y de manera profesional, consistente y rentable en el largo plazo.<\/p>\n<p style=\"text-align: center;\">De esta manera, le ofrecemos rendimientos muy atractivos que superan por mucho a las inversiones o plazos fijos del sistema bancario tradicional.<\/p>\n<p>[\/vc_column_text][vc_single_image image=&#8221;3140&#8243; img_size=&#8221;full&#8221; alignment=&#8221;center&#8221; el_class=&#8221;qoute-img&#8221;][\/vc_column][vc_column width=&#8221;1\/2&#8243;][vc_column_text el_class=&#8221;title&#8221;]<\/p>\n<h3 style=\"text-align: center;\">Preguntas Frecuentes<\/h3>\n<p>[\/vc_column_text][tt_vc_accordion_shortcode inffoo3=&#8221;true&#8221;][tt_vc_accordion_item_shortcode title=&#8221;\u00bfCu\u00e1l es el riesgo m\u00e1ximo sobre el capital invertido, y c\u00f3mo se justifica?&#8221; active=&#8221;yes&#8221;]El <strong>riesgo m\u00e1ximo<\/strong> sobre el capital invertido corresponde al <strong>11%.<\/strong> Este ser\u00e1 distribuido de la siguiente manera:<\/p>\n<ul>\n<li><strong>1.<\/strong> 10%: P\u00e9rdidas Operativas.<\/li>\n<\/ul>\n<p>&nbsp;<\/p>\n<ul>\n<li><strong>2.<\/strong> 1%: Comisiones Bancarias por Transferencias Internacionales.<\/li>\n<\/ul>\n<p>[\/tt_vc_accordion_item_shortcode][tt_vc_accordion_item_shortcode title=&#8221;\u00bfCu\u00e1l es el rendimiento anual promedio ofrecido por Joxa Capital?&#8221;]El <strong>rendimiento anual<\/strong> promedio rondar\u00e1 entre el <strong>12,00%<\/strong> y el <strong>18,00%<\/strong>, seg\u00fan el sistema de inversi\u00f3n electo por el inversionista.[\/tt_vc_accordion_item_shortcode][tt_vc_accordion_item_shortcode title=&#8221;\u00bfCu\u00e1l es el respaldo que reciben los inversionistas al trabajar con Joxa Capital?&#8221;]<strong>1.<\/strong> Equipo de operadores profesionales altamente<br \/>\ncalificados.<br \/>\n<strong>2.<\/strong> Contrato legal.<br \/>\n<strong>3.<\/strong> Riesgo definido de manera contractual.<br \/>\n<strong>4.<\/strong> Inscripci\u00f3n ante el Registro Nacional de Costa Rica.<br \/>\n<strong>5.<\/strong> Registro ante el Ministerio de Hacienda de Costa Rica.[\/tt_vc_accordion_item_shortcode][tt_vc_accordion_item_shortcode title=&#8221;\u00bfCu\u00e1les son los beneficios de convertirse en inversionista en Joxa Capital?&#8221;]<strong>1.<\/strong> Nueva Fuente de Ingresos.<br \/>\n<strong>2. <\/strong>Ingresos Pasivos.<br \/>\n<strong>3.<\/strong> Ahorro \u2013 Liquidez.<br \/>\n<strong>4.<\/strong> Inversiones en D\u00f3lares.<br \/>\n<strong>5. <\/strong>Protecci\u00f3n Natural contra la Inflaci\u00f3n y el Tipo de Cambio.<br \/>\n<strong>6. <\/strong>Plan de Pensi\u00f3n Voluntaria.<br \/>\n<strong>7. <\/strong>Plan para Compra de Veh\u00edculo o Propiedad.[\/tt_vc_accordion_item_shortcode][tt_vc_accordion_item_shortcode title=&#8221;\u00bfCu\u00e1l es el monto de inversi\u00f3n m\u00ednima en Joxa Capital?&#8221;]El monto m\u00ednimo de inversi\u00f3n es de <strong>$5.000,00.<\/strong>[\/tt_vc_accordion_item_shortcode][tt_vc_accordion_item_shortcode title=&#8221;\u00bfCu\u00e1l es el plazo m\u00ednimo de inversi\u00f3n en Joxa Capital?&#8221;]El <strong>plazo m\u00ednimo<\/strong> de inversi\u00f3n es de <strong>1 mes<\/strong>.\u00a0Sin embargo, brindamos\u00a0diferentes opciones de inversi\u00f3n, seg\u00fan las necesidades de cada cliente.[\/tt_vc_accordion_item_shortcode][\/tt_vc_accordion_shortcode][\/vc_column][\/vc_row][vc_row full_width=&#8221;stretch_row_content_no_spaces&#8221;][vc_column css=&#8221;.vc_custom_1532089334274{padding-top: 0px !important;}&#8221;][tt_vc_add_content_shortcode post_type=&#8221;tt_testimonial&#8221; tt_template=&#8221;testimonial2&#8243;][\/vc_column][\/vc_row]<\/p>\n","protected":false},"excerpt":{"rendered":"<p>[vc_row][vc_column][\/vc_column][\/vc_row][vc_row el_class=&#8221;about-home-one&#8221;][vc_column width=&#8221;7\/12&#8243;][tt_vc_title_shortcode up_title=&#8221;Desde 2018&#8243; title=&#8221;We are Boreoux Consulting Firm&#8221;] Nacimos para hacer realidad sus sue\u00f1os m\u00e1s importantes [\/tt_vc_title_shortcode][vc_column_text] El verdadero negocio de las instituciones del sistema bancario tradicional es prestar dinero a sus clientes, y por lo tanto; no tienen inter\u00e9s en ayudar a sus inversionistas a que obtengan oportunidades de inversi\u00f3n, y as\u00ed; [&hellip;]<\/p>\n","protected":false},"author":1,"featured_media":0,"parent":0,"menu_order":0,"comment_status":"closed","ping_status":"closed","template":"","meta":{"_monsterinsights_skip_tracking":false,"_monsterinsights_sitenote_active":false,"_monsterinsights_sitenote_note":"","_monsterinsights_sitenote_category":0},"aioseo_notices":[],"_links":{"self":[{"href":"https:\/\/joxacapital.com\/web\/wp-json\/wp\/v2\/pages\/6"}],"collection":[{"href":"https:\/\/joxacapital.com\/web\/wp-json\/wp\/v2\/pages"}],"about":[{"href":"https:\/\/joxacapital.com\/web\/wp-json\/wp\/v2\/types\/page"}],"author":[{"embeddable":true,"href":"https:\/\/joxacapital.com\/web\/wp-json\/wp\/v2\/users\/1"}],"replies":[{"embeddable":true,"href":"https:\/\/joxacapital.com\/web\/wp-json\/wp\/v2\/comments?post=6"}],"version-history":[{"count":104,"href":"https:\/\/joxacapital.com\/web\/wp-json\/wp\/v2\/pages\/6\/revisions"}],"predecessor-version":[{"id":3277,"href":"https:\/\/joxacapital.com\/web\/wp-json\/wp\/v2\/pages\/6\/revisions\/3277"}],"wp:attachment":[{"href":"https:\/\/joxacapital.com\/web\/wp-json\/wp\/v2\/media?parent=6"}],"curies":[{"name":"wp","href":"https:\/\/api.w.org\/{rel}","templated":true}]}}