{"id":3240,"date":"2022-11-09T00:05:19","date_gmt":"2022-11-09T06:05:19","guid":{"rendered":"https:\/\/joxacapital.com\/web\/?page_id=3240"},"modified":"2022-12-17T16:39:29","modified_gmt":"2022-12-17T22:39:29","slug":"proceso-de-inversion","status":"publish","type":"page","link":"https:\/\/joxacapital.com\/web\/proceso-de-inversion\/","title":{"rendered":"Proceso de Inversi\u00f3n"},"content":{"rendered":"<p>[vc_row full_width=&#8221;stretch_row&#8221; el_class=&#8221;about-section about-page&#8221; css=&#8221;.vc_custom_1531366134122{padding-bottom: 40px !important;}&#8221;][vc_column][tt_vc_title_shortcode]<\/p>\n<h2 style=\"text-align: center;\"><strong>Proceso de Inversi\u00f3n<\/strong><\/h2>\n<p>[\/tt_vc_title_shortcode][vc_column_text]<\/p>\n<div class=\"page\" title=\"Page 1\">\n<div class=\"section\">\n<div class=\"layoutArea\">\n<div class=\"column\">\n<p style=\"text-align: center;\"><strong>1. Reunio\u0301n Informativa:<\/strong><\/p>\n<p style=\"text-align: center;\">A trav\u00e9s de una asesor\u00eda de inversi\u00f3n exclusiva y personalizada, nuestro equipo de asesores de captaci\u00f3n expondr\u00e1n a detalle y responder\u00e1n amablemente cualquier consulta referente los sistemas de inversi\u00f3n ofrecidos por Joxa Capital, los cuales, brindar\u00e1n un <strong>rendimiento anual<\/strong> promedio entre el <strong>12,00%<\/strong> y el <strong>18,00%<\/strong>, seg\u00fan el sistema de inversi\u00f3n electo por el inversionista.<\/p>\n<p style=\"text-align: center;\"><strong>2. Seleccio\u0301n del Sistema de Inversi\u00f3n:<\/strong><\/p>\n<p style=\"text-align: center;\">Tras el an\u00e1lisis de la informaci\u00f3n brindada en la reuni\u00f3n informativa sobre los sistemas de inversi\u00f3n ofrecidos por Joxa Capital, el inversionista deber\u00e1 informar a nuestro equipo de asesores de captaci\u00f3n, a trav\u00e9s de los canales oficiales de comunicaci\u00f3n; su decisi\u00f3n en cuanto al <strong>plazo<\/strong>, la <strong>tasa<\/strong> de <strong>inter\u00e9s<\/strong> y el <strong>capital<\/strong> destinado para su inversi\u00f3n en Joxa Capital.<\/p>\n<p style=\"text-align: center;\"><strong>3. Solicitud de Datos Personales:<\/strong><\/p>\n<p style=\"text-align: center;\">Nuestro equipo de asesores de captaci\u00f3n se comunicar\u00e1 con el inversionista para solicitar todos los datos personales necesarios para la elaboraci\u00f3n del <strong>contrato<\/strong> <strong>legal<\/strong> por parte del equipo legal de Joxa Capital.<\/p>\n<p style=\"text-align: center;\"><strong>4. Revisio\u0301n del Contrato Legal:<\/strong><\/p>\n<p style=\"text-align: center;\">Nuestro equipo legal coordinar\u00e1 la revisi\u00f3n y aprobaci\u00f3n del <strong>contrato<\/strong> <strong>legal<\/strong> que regir\u00e1 los t\u00e9rminos y condiciones de la inversi\u00f3n en Joxa Capital, por parte del inversionista.<\/p>\n<p style=\"text-align: center;\"><strong>5. Depo\u0301sito del Capital:<\/strong><\/p>\n<p style=\"text-align: center;\">El inversionista deber\u00e1 realizar el <strong>dep\u00f3sito<\/strong> del capital a invertir en el sistema de inversi\u00f3n de Joxa Capital, a trav\u00e9s de los <strong>medios<\/strong> <strong>oficiales<\/strong> de captaci\u00f3n de capital, previamente acordados con el equipo de trabajo de Joxa Capital.<\/p>\n<p style=\"text-align: center;\"><strong>6. Firma del Contrato Legal:<\/strong><\/p>\n<p style=\"text-align: center;\">Nuestro equipo legal supervisar\u00e1 la <strong>firma<\/strong> del respectivo <strong>contrato<\/strong> <strong>legal<\/strong> por parte del director ejecutivo de Joxa Capital y el inversionista, ya sea, de manera presencial en nuestras oficinas centrales, o virtual a trav\u00e9s de la firma digital, seg\u00fan la disponibilidad del inversionista.<\/p>\n<p style=\"text-align: center;\"><strong>7. Gestio\u0301n del Capital:<\/strong><\/p>\n<p style=\"text-align: center;\"><span style=\"letter-spacing: 0.03em;\">Con el objetivo de producir los <strong>rendimientos<\/strong> sobre la inversio\u0301n, el equipo de trabajo de Joxa Capital se encargara\u0301 de encontrar, estudiar, analizar y proyectar diversas <strong>oportunidades<\/strong> de especulacio\u0301n de <strong>alta<\/strong> <strong>probabilidad<\/strong> en el corto plazo dentro de los mercados financieros internacionales.<\/span><\/p>\n<p style=\"text-align: center;\"><strong>8. Informe Mensual:<\/strong><\/p>\n<p style=\"text-align: center;\">Nuestro equipo de servicio al cliente elaborar\u00e1 un <strong>informe<\/strong> detallado y personalizado, de manera <strong>mensual<\/strong>, con respecto al desempe\u00f1o de sus inversiones en Joxa Capital.<\/p>\n<p style=\"text-align: center;\"><b>9. Pago de los Rendimientos &#8211; Retiro del Capital:<\/b><\/p>\n<p style=\"text-align: center;\">Nuestro equipo de servicio al cliente se encargar\u00e1 de ejecutar de manera eficiente, en tiempo y forma; los <strong>pagos<\/strong> de los <strong>rendimientos<\/strong> y los <strong>retiros<\/strong> de <strong>capital<\/strong> que hayan sido solicitados por el inversionista, a trav\u00e9s de los canales oficiales de comunicaci\u00f3n.<\/p>\n<p>&nbsp;<\/p>\n<\/div>\n<\/div>\n<\/div>\n<\/div>\n<p>[\/vc_column_text][vc_row_inner][vc_column_inner width=&#8221;1\/3&#8243;][vc_single_image image=&#8221;3111&#8243; img_size=&#8221;400&#215;250&#8243; alignment=&#8221;center&#8221;][\/vc_column_inner][vc_column_inner width=&#8221;1\/3&#8243;][vc_single_image image=&#8221;3103&#8243; img_size=&#8221;400&#215;250&#8243; alignment=&#8221;center&#8221;][\/vc_column_inner][vc_column_inner width=&#8221;1\/3&#8243;][vc_single_image image=&#8221;3113&#8243; img_size=&#8221;400&#215;231&#8243; alignment=&#8221;center&#8221;][\/vc_column_inner][\/vc_row_inner][\/vc_column][\/vc_row][vc_row full_width=&#8221;stretch_row&#8221; el_class=&#8221;mission-history-area&#8221; css=&#8221;.vc_custom_1531366187529{padding-bottom: 40px !important;}&#8221;][vc_column el_class=&#8221;sec-title&#8221;][vc_column_text]<\/p>\n<h3 style=\"text-align: center;\"><em>&#8220;Nuestro mayor anhelo es brindarle a nuestros inversionistas una oportunidad \u00fanica y exclusiva para que logren manifestar sus sue\u00f1os y metas financieras&#8221;.<\/em><\/h3>\n<div class=\"line\"><\/div>\n<p>[\/vc_column_text][\/vc_column][\/vc_row]<\/p>\n","protected":false},"excerpt":{"rendered":"<p>[vc_row full_width=&#8221;stretch_row&#8221; el_class=&#8221;about-section about-page&#8221; css=&#8221;.vc_custom_1531366134122{padding-bottom: 40px !important;}&#8221;][vc_column][tt_vc_title_shortcode] Proceso de Inversi\u00f3n [\/tt_vc_title_shortcode][vc_column_text] 1. Reunio\u0301n Informativa: A trav\u00e9s de una asesor\u00eda de inversi\u00f3n exclusiva y personalizada, nuestro equipo de asesores de captaci\u00f3n expondr\u00e1n a detalle y responder\u00e1n amablemente cualquier consulta referente los sistemas de inversi\u00f3n ofrecidos por Joxa Capital, los cuales, brindar\u00e1n un rendimiento anual promedio entre [&hellip;]<\/p>\n","protected":false},"author":1,"featured_media":0,"parent":0,"menu_order":0,"comment_status":"closed","ping_status":"closed","template":"","meta":{"_monsterinsights_skip_tracking":false,"_monsterinsights_sitenote_active":false,"_monsterinsights_sitenote_note":"","_monsterinsights_sitenote_category":0},"aioseo_notices":[],"_links":{"self":[{"href":"https:\/\/joxacapital.com\/web\/wp-json\/wp\/v2\/pages\/3240"}],"collection":[{"href":"https:\/\/joxacapital.com\/web\/wp-json\/wp\/v2\/pages"}],"about":[{"href":"https:\/\/joxacapital.com\/web\/wp-json\/wp\/v2\/types\/page"}],"author":[{"embeddable":true,"href":"https:\/\/joxacapital.com\/web\/wp-json\/wp\/v2\/users\/1"}],"replies":[{"embeddable":true,"href":"https:\/\/joxacapital.com\/web\/wp-json\/wp\/v2\/comments?post=3240"}],"version-history":[{"count":17,"href":"https:\/\/joxacapital.com\/web\/wp-json\/wp\/v2\/pages\/3240\/revisions"}],"predecessor-version":[{"id":3264,"href":"https:\/\/joxacapital.com\/web\/wp-json\/wp\/v2\/pages\/3240\/revisions\/3264"}],"wp:attachment":[{"href":"https:\/\/joxacapital.com\/web\/wp-json\/wp\/v2\/media?parent=3240"}],"curies":[{"name":"wp","href":"https:\/\/api.w.org\/{rel}","templated":true}]}}