{"id":3102,"date":"2022-09-10T21:13:59","date_gmt":"2022-09-11T03:13:59","guid":{"rendered":"https:\/\/joxacapital.com\/web\/?page_id=3102"},"modified":"2022-12-17T16:38:45","modified_gmt":"2022-12-17T22:38:45","slug":"gestion-capital","status":"publish","type":"page","link":"https:\/\/joxacapital.com\/web\/gestion-capital\/","title":{"rendered":"Gesti\u00f3n de Capital"},"content":{"rendered":"<p>[vc_row full_width=&#8221;stretch_row&#8221; el_class=&#8221;about-section about-page&#8221; css=&#8221;.vc_custom_1531366134122{padding-bottom: 40px !important;}&#8221;][vc_column][tt_vc_title_shortcode up_title=&#8221;Nuestros Servicios&#8221;]<\/p>\n<h2 style=\"text-align: center;\"><strong>Gesti\u00f3n de Capital<\/strong><\/h2>\n<p>[\/tt_vc_title_shortcode][vc_column_text]<\/p>\n<p style=\"text-align: center;\">El equipo de trabajo de Joxa Capital se encarga de encontrar, estudiar, analizar y proyectar diversas oportunidades de inversi\u00f3n de alta probabilidad en el corto plazo dentro de los mercados financieros internacionales.<\/p>\n<p style=\"text-align: center;\">\u201cEl riesgo proviene de no saber lo que se est\u00e1 haciendo\u201d, Warren Buffet.<br \/>\nAl invertir dentro de los mercados financieros internaciones siempre existe el riesgo de perder dinero; es por esto que nuestro equipo de profesionales se ha especializado en la gesti\u00f3n y la administraci\u00f3n del riesgo de una manera impecable.<\/p>\n<p style=\"text-align: center;\">Nuestra metodolog\u00eda est\u00e1 basada en la especulaci\u00f3n profesional, es decir, la predicci\u00f3n de los movimientos de los precios dentro de los mercados financieros internacionales, con base en el an\u00e1lisis t\u00e9cnico y fundamental de los mismos.<\/p>\n<p style=\"text-align: center;\">Este factor es determinante, ya que, nos permite la participaci\u00f3n dentro de los mercados financieros internacionales a trav\u00e9s de unos instrumentos financieros llamados Contratos por Diferencias (CFD\u00b4s); los cuales, brindan la posibilidad de especular por medio de una \u00fanica cuenta con los precios de los activos financieros (Oro, Plata, Petr\u00f3leo, Dow Jones, Nasdaq, SP500, M\u00faltiples Divisas).<\/p>\n<p style=\"text-align: center;\">Los fondos de inversi\u00f3n y los fondos de cobertura deben adquirir directamente el activo (bonos, acciones, divisas, materias primas, \u00edndices) en nombre de sus clientes, y asumir el riesgo de cualquier movimiento vol\u00e1til que se desarrolle en los mercados financieros.<\/p>\n<p style=\"text-align: center;\">En Joxa Capital el dinero de nuestros inversionistas se mantiene siempre l\u00edquido, es decir, en una moneda fiduciaria como el d\u00f3lar estadounidense o el franco suizo, en la cuenta operativa empresarial en una instituci\u00f3n financiera que nos permite comercializar los Contratos por Diferencias (CFD\u00b4s).<\/p>\n<p style=\"text-align: center;\">Los Contratos por Diferencias (CFD\u00b4s) permiten establecer un par\u00e1metro riesgo predefinido antes de que la inversi\u00f3n sea ejecutada dentro de los mercados financieros, por lo cual, en Joxa Capital nos aseguramos de que el m\u00e1ximo riesgo simult\u00e1neo sea del 0,50% del capital de cada inversionista.<\/p>\n<p style=\"text-align: center;\">De esta manera, el capital de nuestros inversionistas se gestiona de manera profesional, rentable, consistente y controlado a lo largo del tiempo; con el objetivo de obtener rendimientos competitivos y atractivos en relaci\u00f3n a las instituciones bancarias tradicionales.<\/p>\n<p>[\/vc_column_text][vc_row_inner][vc_column_inner width=&#8221;1\/3&#8243;][vc_single_image image=&#8221;3111&#8243; img_size=&#8221;400&#215;250&#8243; alignment=&#8221;center&#8221;][\/vc_column_inner][vc_column_inner width=&#8221;1\/3&#8243;][vc_single_image image=&#8221;3103&#8243; img_size=&#8221;400&#215;250&#8243; alignment=&#8221;center&#8221;][\/vc_column_inner][vc_column_inner width=&#8221;1\/3&#8243;][vc_single_image image=&#8221;3113&#8243; img_size=&#8221;400&#215;231&#8243; alignment=&#8221;center&#8221;][\/vc_column_inner][\/vc_row_inner][\/vc_column][\/vc_row][vc_row full_width=&#8221;stretch_row&#8221; el_class=&#8221;mission-history-area&#8221; css=&#8221;.vc_custom_1531366187529{padding-bottom: 40px !important;}&#8221;][vc_column el_class=&#8221;sec-title&#8221;][vc_column_text]<\/p>\n<h3 style=\"text-align: center;\"><em>&#8220;Nuestro mayor anhelo es brindarle a nuestros inversionistas una oportunidad \u00fanica y exclusiva para que logren manifestar sus sue\u00f1os y metas financieras&#8221;.<\/em><\/h3>\n<div class=\"line\"><\/div>\n<p>[\/vc_column_text][\/vc_column][\/vc_row]<\/p>\n","protected":false},"excerpt":{"rendered":"<p>[vc_row full_width=&#8221;stretch_row&#8221; el_class=&#8221;about-section about-page&#8221; css=&#8221;.vc_custom_1531366134122{padding-bottom: 40px !important;}&#8221;][vc_column][tt_vc_title_shortcode up_title=&#8221;Nuestros Servicios&#8221;] Gesti\u00f3n de Capital [\/tt_vc_title_shortcode][vc_column_text] El equipo de trabajo de Joxa Capital se encarga de encontrar, estudiar, analizar y proyectar diversas oportunidades de inversi\u00f3n de alta probabilidad en el corto plazo dentro de los mercados financieros internacionales. \u201cEl riesgo proviene de no saber lo que se est\u00e1 [&hellip;]<\/p>\n","protected":false},"author":1,"featured_media":0,"parent":0,"menu_order":0,"comment_status":"closed","ping_status":"closed","template":"","meta":{"_monsterinsights_skip_tracking":false,"_monsterinsights_sitenote_active":false,"_monsterinsights_sitenote_note":"","_monsterinsights_sitenote_category":0},"aioseo_notices":[],"_links":{"self":[{"href":"https:\/\/joxacapital.com\/web\/wp-json\/wp\/v2\/pages\/3102"}],"collection":[{"href":"https:\/\/joxacapital.com\/web\/wp-json\/wp\/v2\/pages"}],"about":[{"href":"https:\/\/joxacapital.com\/web\/wp-json\/wp\/v2\/types\/page"}],"author":[{"embeddable":true,"href":"https:\/\/joxacapital.com\/web\/wp-json\/wp\/v2\/users\/1"}],"replies":[{"embeddable":true,"href":"https:\/\/joxacapital.com\/web\/wp-json\/wp\/v2\/comments?post=3102"}],"version-history":[{"count":5,"href":"https:\/\/joxacapital.com\/web\/wp-json\/wp\/v2\/pages\/3102\/revisions"}],"predecessor-version":[{"id":3267,"href":"https:\/\/joxacapital.com\/web\/wp-json\/wp\/v2\/pages\/3102\/revisions\/3267"}],"wp:attachment":[{"href":"https:\/\/joxacapital.com\/web\/wp-json\/wp\/v2\/media?parent=3102"}],"curies":[{"name":"wp","href":"https:\/\/api.w.org\/{rel}","templated":true}]}}