{"id":3095,"date":"2022-09-10T21:31:01","date_gmt":"2022-09-11T03:31:01","guid":{"rendered":"https:\/\/joxacapital.com\/web\/?page_id=3095"},"modified":"2023-01-03T16:57:54","modified_gmt":"2023-01-03T22:57:54","slug":"nosotros","status":"publish","type":"page","link":"https:\/\/joxacapital.com\/web\/nosotros\/","title":{"rendered":"Nosotros"},"content":{"rendered":"<p>[vc_row full_width=&#8221;stretch_row&#8221; el_class=&#8221;about-section about-page&#8221; css=&#8221;.vc_custom_1531366134122{padding-bottom: 40px !important;}&#8221;][vc_column][vc_video link=&#8221;https:\/\/youtu.be\/6asKpsbqgZM&#8221; align=&#8221;center&#8221;][tt_vc_title_shortcode up_title=&#8221;Perfil Empresarial \u2013 Joxa Capital&#8221;]<\/p>\n<h2 style=\"text-align: center;\"><strong>Nosotros<\/strong><\/h2>\n<p>[\/tt_vc_title_shortcode][vc_column_text]<\/p>\n<p style=\"text-align: center;\">Joxa Capital SRL es una empresa que nace en el a\u00f1o 2018, cuando su CEO, Josafath Alberto Ure\u00f1a Castillo, inici\u00f3 su profesionalizaci\u00f3n y especializaci\u00f3n para encontrar oportunidades de inversi\u00f3n dentro de los mercados financieros internacionales, con el objetivo de generar rendimientos econ\u00f3micos de manera rentable y consistente a lo largo del tiempo.<\/p>\n<p style=\"text-align: center;\">Tras un desempe\u00f1o positivo a lo largo de este periodo, en el a\u00f1o 2021, se toma la decisi\u00f3n de establecer una empresa formal en los Estados Unidos, bajo de nombre de Joxa Capital LLC, con la intenci\u00f3n de brindar la oportunidad a otras personas para que se apalanquen de su habilidad, y que de esta manera; puedan obtener beneficios a trav\u00e9s de su asesor\u00eda e intermediaci\u00f3n en las oportunidades de inversi\u00f3n.<\/p>\n<p style=\"text-align: center;\">En el a\u00f1o 2022, Joxa Capital LLC decidi\u00f3 ampliar su gesti\u00f3n desde los Estados Unidos hacia el pa\u00eds natal de su CEO, Costa Rica. Por lo tanto, surge Joxa Capital SRL, con la intenci\u00f3n de ampliar su alcance comercial hacia el mercado latinoamericano.<\/p>\n<p style=\"text-align: center;\">Actualmente, Joxa Capital SRL brinda servicios de alto valor agregado, servicio al cliente personalizado y estrictos protocolos de confidencialidad; para una gama de clientes selectos con conocimiento acerca de las inversiones y los riesgos asociados a esta actividad; a partir de un contrato de prestaci\u00f3n de servicios profesionales, que permite la direcci\u00f3n y la intermediaci\u00f3n de las inversiones por parte de Joxa Capital SRL, en beneficio del cliente.<\/p>\n<p>[\/vc_column_text][\/vc_column][\/vc_row][vc_row full_width=&#8221;stretch_row&#8221; el_class=&#8221;mission-history-area&#8221; css=&#8221;.vc_custom_1531366187529{padding-bottom: 40px !important;}&#8221;][vc_column width=&#8221;1\/2&#8243; el_class=&#8221;sec-title&#8221;][vc_column_text]<\/p>\n<h3 style=\"text-align: center;\">Misi\u00f3n<\/h3>\n<div class=\"line\"><\/div>\n<p>[\/vc_column_text][vc_column_text el_class=&#8221;misson-content&#8221;]<\/p>\n<p style=\"text-align: center;\">Brindar una oportunidad \u00fanica y exclusiva para que nuestros inversionistas manifiesten sus sue\u00f1os y metas financieras, a trav\u00e9s de diversas opciones de inversi\u00f3n con rendimientos competitivos, atractivos y de bajo riesgo, en relaci\u00f3n con las instituciones financieras tradicionales.<\/p>\n<p>[\/vc_column_text][\/vc_column][vc_column width=&#8221;1\/2&#8243; el_class=&#8221;sec-title&#8221;][vc_column_text]<\/p>\n<h3 style=\"text-align: center;\"><strong>Visi\u00f3n: <\/strong><\/h3>\n<div class=\"line\"><\/div>\n<p>[\/vc_column_text][vc_column_text el_class=&#8221;history-content&#8221;]<\/p>\n<p style=\"text-align: center;\">Ser una instituci\u00f3n financiera de renombre, s\u00f3lida, confiable y segura; que permitan verdaderas oportunidades de crecimiento financiero para sus inversionistas; a trav\u00e9s de m\u00e9todos de inversi\u00f3n efectivos, consistentes, eficientes, novedosos y tecnol\u00f3gicos en el entorno nacional e internacional.<\/p>\n<p>[\/vc_column_text][\/vc_column][\/vc_row][vc_row][vc_column][vc_separator css=&#8221;.vc_custom_1661128158687{margin-top: 50px !important;}&#8221;][vc_column_text]<\/p>\n<h1 style=\"text-align: center;\"><em>Nuestros valores son:<\/em><br \/>\n<span style=\"color: #ff9900;\"><em>Integridad, Confianza, Lealtad, Honestidad, Disciplina, Perseverancia.<\/em><\/span><\/h1>\n<p>[\/vc_column_text][\/vc_column][vc_column][vc_separator css=&#8221;.vc_custom_1661128178128{margin-top: 50px !important;}&#8221;][\/vc_column][\/vc_row]<\/p>\n","protected":false},"excerpt":{"rendered":"<p>[vc_row full_width=&#8221;stretch_row&#8221; el_class=&#8221;about-section about-page&#8221; css=&#8221;.vc_custom_1531366134122{padding-bottom: 40px !important;}&#8221;][vc_column][vc_video link=&#8221;https:\/\/youtu.be\/6asKpsbqgZM&#8221; align=&#8221;center&#8221;][tt_vc_title_shortcode up_title=&#8221;Perfil Empresarial \u2013 Joxa Capital&#8221;] Nosotros [\/tt_vc_title_shortcode][vc_column_text] Joxa Capital SRL es una empresa que nace en el a\u00f1o 2018, cuando su CEO, Josafath Alberto Ure\u00f1a Castillo, inici\u00f3 su profesionalizaci\u00f3n y especializaci\u00f3n para encontrar oportunidades de inversi\u00f3n dentro de los mercados financieros internacionales, con el objetivo de [&hellip;]<\/p>\n","protected":false},"author":1,"featured_media":0,"parent":0,"menu_order":0,"comment_status":"closed","ping_status":"closed","template":"","meta":{"_monsterinsights_skip_tracking":false,"_monsterinsights_sitenote_active":false,"_monsterinsights_sitenote_note":"","_monsterinsights_sitenote_category":0},"aioseo_notices":[],"_links":{"self":[{"href":"https:\/\/joxacapital.com\/web\/wp-json\/wp\/v2\/pages\/3095"}],"collection":[{"href":"https:\/\/joxacapital.com\/web\/wp-json\/wp\/v2\/pages"}],"about":[{"href":"https:\/\/joxacapital.com\/web\/wp-json\/wp\/v2\/types\/page"}],"author":[{"embeddable":true,"href":"https:\/\/joxacapital.com\/web\/wp-json\/wp\/v2\/users\/1"}],"replies":[{"embeddable":true,"href":"https:\/\/joxacapital.com\/web\/wp-json\/wp\/v2\/comments?post=3095"}],"version-history":[{"count":6,"href":"https:\/\/joxacapital.com\/web\/wp-json\/wp\/v2\/pages\/3095\/revisions"}],"predecessor-version":[{"id":3279,"href":"https:\/\/joxacapital.com\/web\/wp-json\/wp\/v2\/pages\/3095\/revisions\/3279"}],"wp:attachment":[{"href":"https:\/\/joxacapital.com\/web\/wp-json\/wp\/v2\/media?parent=3095"}],"curies":[{"name":"wp","href":"https:\/\/api.w.org\/{rel}","templated":true}]}}