{"id":2366,"date":"2018-01-16T15:38:23","date_gmt":"2018-01-16T15:38:23","guid":{"rendered":"http:\/\/ranbron.bolvo.com\/?page_id=2366"},"modified":"2023-02-11T00:19:45","modified_gmt":"2023-02-11T06:19:45","slug":"contacto","status":"publish","type":"page","link":"https:\/\/joxacapital.com\/web\/contacto\/","title":{"rendered":"Contacto"},"content":{"rendered":"<p>[vc_row el_class=&#8221;contact-page&#8221;][vc_column][tt_vc_title_shortcode up_title=&#8221;Encantados de Ayudarte a Conseguir tus Metas Financieras&#8221;]<\/p>\n<h2 style=\"text-align: center;\"><strong>Formulario de Contacto<\/strong><\/h2>\n<p>[\/tt_vc_title_shortcode][vc_column_text]Estamos esperando tu contacto para brindarte una asesor\u00eda personalizada.[\/vc_column_text][vc_row_inner][vc_column_inner width=&#8221;2\/3&#8243;]<div role=\"form\" class=\"wpcf7\" id=\"wpcf7-f2370-o1\" lang=\"en-US\" dir=\"ltr\">\n<div class=\"screen-reader-response\"><p role=\"status\" aria-live=\"polite\" aria-atomic=\"true\"><\/p> <ul><\/ul><\/div>\n<form action=\"\/web\/wp-json\/wp\/v2\/pages\/2366#wpcf7-f2370-o1\" method=\"post\" class=\"wpcf7-form init\" enctype=\"multipart\/form-data\" novalidate=\"novalidate\" data-status=\"init\">\n<div style=\"display: none;\">\n<input type=\"hidden\" name=\"_wpcf7\" value=\"2370\" \/>\n<input type=\"hidden\" name=\"_wpcf7_version\" value=\"5.6.4\" \/>\n<input type=\"hidden\" name=\"_wpcf7_locale\" value=\"en_US\" \/>\n<input type=\"hidden\" name=\"_wpcf7_unit_tag\" value=\"wpcf7-f2370-o1\" \/>\n<input type=\"hidden\" name=\"_wpcf7_container_post\" value=\"0\" \/>\n<input type=\"hidden\" name=\"_wpcf7_posted_data_hash\" value=\"\" \/>\n<\/div>\n<div class=\"contactpage contact-form\">\n<p class=\"note\">Campos Obligatorios*<\/p>\n<p>\t<label class=\"input-label\">Nombre Completo: *<\/label> <span class=\"wpcf7-form-control-wrap\" data-name=\"your-name\"><input type=\"text\" name=\"your-name\" value=\"\" size=\"40\" class=\"wpcf7-form-control wpcf7-text wpcf7-validates-as-required tt_input\" aria-required=\"true\" aria-invalid=\"false\" \/><\/span><br \/>\n        <label class=\"input-label\">Asunto: *<\/label> <span class=\"wpcf7-form-control-wrap\" data-name=\"Asunto\"><input type=\"text\" name=\"Asunto\" value=\"Informaci\u00f3n General\" size=\"40\" class=\"wpcf7-form-control wpcf7-text wpcf7-validates-as-required\" aria-required=\"true\" aria-invalid=\"false\" \/><\/span><br \/>\n\t<label class=\"input-label\">Correo Electr\u00f3nico: *<\/label> <span class=\"wpcf7-form-control-wrap\" data-name=\"your-email\"><input type=\"email\" name=\"your-email\" value=\"\" size=\"40\" class=\"wpcf7-form-control wpcf7-text wpcf7-email wpcf7-validates-as-required wpcf7-validates-as-email tt_input\" aria-required=\"true\" aria-invalid=\"false\" \/><\/span><br \/>\n        <label class=\"input-label\">N\u00famero de Tel\u00e9fono: *<\/label><span class=\"wpcf7-form-control-wrap\" data-name=\"tel-636\"><input type=\"tel\" name=\"tel-636\" value=\"\" size=\"40\" class=\"wpcf7-form-control wpcf7-text wpcf7-tel wpcf7-validates-as-required wpcf7-validates-as-tel\" aria-required=\"true\" aria-invalid=\"false\" \/><\/span><br \/>\n        <label class=\"input-label\">Fecha para Contactar: *<\/label><span class=\"wpcf7-form-control-wrap\" data-name=\"date-448\"><input type=\"date\" name=\"date-448\" value=\"\" class=\"wpcf7-form-control wpcf7-date wpcf7-validates-as-date\" aria-invalid=\"false\" \/><\/span><br \/>\n        <label class=\"input-label\">Horario para Contactar: *<\/label><span class=\"wpcf7-form-control-wrap\" data-name=\"menu-602\"><select name=\"menu-602[]\" class=\"wpcf7-form-control wpcf7-select\" aria-invalid=\"false\" multiple=\"multiple\"><option value=\"Entre 08:00 a 10:00 hrs.\">Entre 08:00 a 10:00 hrs.<\/option><option value=\"Entre 10:00 a 12:00 hrs.\">Entre 10:00 a 12:00 hrs.<\/option><option value=\"Entre 12:00 a 14:00 hrs.\">Entre 12:00 a 14:00 hrs.<\/option><option value=\"Entre 14:00 a 16:00 hrs.\">Entre 14:00 a 16:00 hrs.<\/option><option value=\"Entre 16:00 a 18:00 hrs.\">Entre 16:00 a 18:00 hrs.<\/option><\/select><\/span><br><br \/>\n        <label class=\"input-label\">Archivo Adjunto: <\/label> <span class=\"wpcf7-form-control-wrap\" data-name=\"ArchivoAdjunto\"><input type=\"file\" name=\"ArchivoAdjunto\" size=\"40\" class=\"wpcf7-form-control wpcf7-file\" accept=\".docx,.pdf,.ppt,.pptx,.png,.xlsx,.jpg,.doc,.xls,.html,.mq4,.htm,.gif,.set\" aria-invalid=\"false\" \/><\/span><br \/>\n\t<label class=\"input-label\">Mensaje: <\/label> <span class=\"wpcf7-form-control-wrap\" data-name=\"your-message\"><textarea name=\"your-message\" cols=\"40\" rows=\"10\" class=\"wpcf7-form-control wpcf7-textarea tt_textarea\" aria-invalid=\"false\"><\/textarea><\/span><br \/>\n\t<input type=\"submit\" value=\"Enviar Ahora\" class=\"wpcf7-form-control has-spinner wpcf7-submit tt_submit\" \/>\n<\/div>\n<div class=\"wpcf7-response-output\" aria-hidden=\"true\"><\/div><\/form><\/div>[\/vc_column_inner][vc_column_inner el_class=&#8221;contact-info inner&#8221; width=&#8221;1\/3&#8243;][vc_column_text el_class=&#8221;single-contact-info&#8221;]<\/p>\n<h4 style=\"text-align: center;\">Direcci\u00f3n :<\/h4>\n<p style=\"text-align: center;\">Oficina #3, Edificio Sin Fronteras, San Isidro de El General, P\u00e9rez Zeled\u00f3n, San Jos\u00e9, Costa Rica.<\/p>\n<p>[\/vc_column_text][vc_column_text el_class=&#8221;single-contact-info&#8221;]<\/p>\n<h4 style=\"text-align: center;\">Tel\u00e9fono :<\/h4>\n<p style=\"text-align: center;\">+506-7172-4896<\/p>\n<p>[\/vc_column_text][vc_column_text el_class=&#8221;single-contact-info&#8221;]<\/p>\n<h4 style=\"text-align: center;\">Correo Electr\u00f3nico :<\/h4>\n<p style=\"text-align: center;\">informacion@joxacapital.com<\/p>\n<p>[\/vc_column_text][vc_btn title=&#8221;Instagram&#8221; style=&#8221;outline&#8221; shape=&#8221;round&#8221; size=&#8221;lg&#8221; align=&#8221;center&#8221; i_icon_fontawesome=&#8221;fab fa-instagram&#8221; css_animation=&#8221;appear&#8221; button_block=&#8221;true&#8221; add_icon=&#8221;true&#8221; link=&#8221;url:https%3A%2F%2Fwww.instagram.com%2Fjoxacapital%2F|target:_blank&#8221;][\/vc_column_inner][\/vc_row_inner][\/vc_column][\/vc_row][vc_row full_width=&#8221;stretch_row_content_no_spaces&#8221;][vc_column][vc_gmaps link=&#8221;#E-8_JTNDaWZyYW1lJTIwc3JjJTNEJTIyaHR0cHMlM0ElMkYlMkZ3d3cuZ29vZ2xlLmNvbSUyRm1hcHMlMkZlbWJlZCUzRnBiJTNEJTIxMW0xOCUyMTFtMTIlMjExbTMlMjExZDM5MzYuNTY3NDA4ODU2MTc3JTIxMmQtODMuNzA1NjY1NDg1MDg1NzIlMjEzZDkuMzcxNDkzNTkzMjgzNzQ3JTIxMm0zJTIxMWYwJTIxMmYwJTIxM2YwJTIxM20yJTIxMWkxMDI0JTIxMmk3NjglMjE0ZjEzLjElMjEzbTMlMjExbTIlMjExczB4OGZhMTRlZTk0NzY0OWQzNyUyNTNBMHg3YzQyZWE4YmY4MmYxZWVkJTIxMnNNdWx0aXNlcnZpY2lvcyUyNTIwU2luJTI1MjBGcm9udGVyYXMlMjE1ZTAlMjEzbTIlMjExc2VzLTQxOSUyMTJzY3IlMjE0djE2NjE4MjA0Nzg4ODElMjE1bTIlMjExc2VzLTQxOSUyMTJzY3IlMjIlMjB3aWR0aCUzRCUyMjYwMCUyMiUyMGhlaWdodCUzRCUyMjQ1MCUyMiUyMHN0eWxlJTNEJTIyYm9yZGVyJTNBMCUzQiUyMiUyMGFsbG93ZnVsbHNjcmVlbiUzRCUyMiUyMiUyMGxvYWRpbmclM0QlMjJsYXp5JTIyJTIwcmVmZXJyZXJwb2xpY3klM0QlMjJuby1yZWZlcnJlci13aGVuLWRvd25ncmFkZSUyMiUzRSUzQyUyRmlmcmFtZSUzRQ==&#8221; size=&#8221;550&#8243;][\/vc_column][\/vc_row]<\/p>\n","protected":false},"excerpt":{"rendered":"<p>[vc_row el_class=&#8221;contact-page&#8221;][vc_column][tt_vc_title_shortcode up_title=&#8221;Encantados de Ayudarte a Conseguir tus Metas Financieras&#8221;] Formulario de Contacto [\/tt_vc_title_shortcode][vc_column_text]Estamos esperando tu contacto para brindarte una asesor\u00eda personalizada.[\/vc_column_text][vc_row_inner][vc_column_inner width=&#8221;2\/3&#8243;][\/vc_column_inner][vc_column_inner el_class=&#8221;contact-info inner&#8221; width=&#8221;1\/3&#8243;][vc_column_text el_class=&#8221;single-contact-info&#8221;] Direcci\u00f3n : Oficina #3, Edificio Sin Fronteras, San Isidro de El General, P\u00e9rez Zeled\u00f3n, San Jos\u00e9, Costa Rica. [\/vc_column_text][vc_column_text el_class=&#8221;single-contact-info&#8221;] Tel\u00e9fono : +506-7172-4896 [\/vc_column_text][vc_column_text el_class=&#8221;single-contact-info&#8221;] Correo Electr\u00f3nico : [&hellip;]<\/p>\n","protected":false},"author":1,"featured_media":0,"parent":0,"menu_order":0,"comment_status":"closed","ping_status":"closed","template":"","meta":{"_monsterinsights_skip_tracking":false,"_monsterinsights_sitenote_active":false,"_monsterinsights_sitenote_note":"","_monsterinsights_sitenote_category":0},"aioseo_notices":[],"_links":{"self":[{"href":"https:\/\/joxacapital.com\/web\/wp-json\/wp\/v2\/pages\/2366"}],"collection":[{"href":"https:\/\/joxacapital.com\/web\/wp-json\/wp\/v2\/pages"}],"about":[{"href":"https:\/\/joxacapital.com\/web\/wp-json\/wp\/v2\/types\/page"}],"author":[{"embeddable":true,"href":"https:\/\/joxacapital.com\/web\/wp-json\/wp\/v2\/users\/1"}],"replies":[{"embeddable":true,"href":"https:\/\/joxacapital.com\/web\/wp-json\/wp\/v2\/comments?post=2366"}],"version-history":[{"count":43,"href":"https:\/\/joxacapital.com\/web\/wp-json\/wp\/v2\/pages\/2366\/revisions"}],"predecessor-version":[{"id":3281,"href":"https:\/\/joxacapital.com\/web\/wp-json\/wp\/v2\/pages\/2366\/revisions\/3281"}],"wp:attachment":[{"href":"https:\/\/joxacapital.com\/web\/wp-json\/wp\/v2\/media?parent=2366"}],"curies":[{"name":"wp","href":"https:\/\/api.w.org\/{rel}","templated":true}]}}